{"id":215,"date":"2023-04-20T12:25:56","date_gmt":"2023-04-20T09:25:56","guid":{"rendered":"http:\/\/u73784.www2.webdomain.fi\/?page_id=215"},"modified":"2025-02-28T18:41:17","modified_gmt":"2025-02-28T16:41:17","slug":"hinnasto","status":"publish","type":"page","link":"https:\/\/saarakiviluoto.fi\/?page_id=215","title":{"rendered":"Hinnasto"},"content":{"rendered":"<p>[et_pb_section fb_built=&#8221;1&#8243; _builder_version=&#8221;4.20.4&#8243; _module_preset=&#8221;default&#8221; background_color=&#8221;#FFFFFF&#8221; background_enable_image=&#8221;off&#8221; background_enable_pattern_style=&#8221;on&#8221; background_pattern_style=&#8221;tufted&#8221; background_pattern_color=&#8221;RGBA(255,255,255,0)&#8221; background_enable_mask_style=&#8221;on&#8221; background_mask_style=&#8221;triangles&#8221; background_mask_color=&#8221;#F0E4DB&#8221; background_mask_transform=&#8221;invert&#8221; custom_margin=&#8221;0px||||false|false&#8221; custom_padding=&#8221;||132px|||&#8221; global_colors_info=&#8221;{}&#8221;][et_pb_row _builder_version=&#8221;4.20.4&#8243; _module_preset=&#8221;default&#8221; custom_margin=&#8221;0px||-12px||false|false&#8221; custom_padding=&#8221;52px||0px||false|false&#8221; global_colors_info=&#8221;{}&#8221;][et_pb_column type=&#8221;4_4&#8243; _builder_version=&#8221;4.20.4&#8243; _module_preset=&#8221;default&#8221; global_colors_info=&#8221;{}&#8221;][et_pb_text _builder_version=&#8221;4.21.0&#8243; _module_preset=&#8221;default&#8221; hover_enabled=&#8221;0&#8243; global_colors_info=&#8221;{}&#8221; sticky_enabled=&#8221;0&#8243;]<\/p>\n<h1>HINNASTO<\/h1>\n<p>[\/et_pb_text][\/et_pb_column][\/et_pb_row][\/et_pb_section][et_pb_section fb_built=&#8221;1&#8243; _builder_version=&#8221;4.20.4&#8243; _module_preset=&#8221;default&#8221; background_color=&#8221;#EDD0BA&#8221; background_enable_image=&#8221;off&#8221; global_colors_info=&#8221;{}&#8221;][et_pb_row column_structure=&#8221;1_2,1_2&#8243; _builder_version=&#8221;4.21.0&#8243; _module_preset=&#8221;default&#8221; global_colors_info=&#8221;{}&#8221;][et_pb_column type=&#8221;1_2&#8243; _builder_version=&#8221;4.21.0&#8243; _module_preset=&#8221;default&#8221; global_colors_info=&#8221;{}&#8221;][et_pb_text admin_label=&#8221;Luennot&#8221; _builder_version=&#8221;4.21.0&#8243; _module_preset=&#8221;default&#8221; link_text_color=&#8221;#C6897C&#8221; header_text_color=&#8221;#FFFFFF&#8221; header_4_text_color=&#8221;#C6897C&#8221; background_color=&#8221;#FFFFFF&#8221; custom_padding=&#8221;0px||23px|0px|false|false&#8221; hover_enabled=&#8221;0&#8243; border_radii=&#8221;on|5px|5px|5px|5px&#8221; border_width_all=&#8221;40px&#8221; border_color_all=&#8221;#FFFFFF&#8221; box_shadow_style=&#8221;preset1&#8243; global_colors_info=&#8221;{}&#8221; sticky_enabled=&#8221;0&#8243; header_2_font_size=&#8221;25px&#8221;]<\/p>\n<h2><span>LUENNOT<\/span><\/h2>\n<p><span>Rakennan luentokokonaisuudet asiakkaan toiveiden mukaan.<\/span><\/p>\n<p>Kysy lis\u00e4\u00e4 ja <a href=\"https:\/\/saarakiviluoto.fi\/?page_id=24\">pyyd\u00e4 tarjous<\/a> suosituista kodin j\u00e4rjest\u00e4misen luennoistani!<\/p>\n<p>[\/et_pb_text][et_pb_text admin_label=&#8221;Kurssit&#8221; _builder_version=&#8221;4.21.0&#8243; _module_preset=&#8221;default&#8221; header_text_color=&#8221;#FFFFFF&#8221; header_2_text_color=&#8221;#C6897C&#8221; header_3_text_color=&#8221;#C6897C&#8221; header_4_text_color=&#8221;#C6897C&#8221; background_color=&#8221;#FFFFFF&#8221; custom_margin=&#8221;39px|-7px|27px|0px|false|false&#8221; custom_padding=&#8221;0px||18px|0px|false|false&#8221; hover_enabled=&#8221;0&#8243; border_radii=&#8221;on|5px|5px|5px|5px&#8221; border_width_all=&#8221;40px&#8221; border_color_all=&#8221;#FFFFFF&#8221; box_shadow_style=&#8221;preset1&#8243; global_colors_info=&#8221;{}&#8221; sticky_enabled=&#8221;0&#8243; header_2_font_size=&#8221;25px&#8221;]<\/p>\n<h2><span>KURSSIT<\/span><span><\/span><\/h2>\n<p><span>J\u00e4rjest\u00e4n kursseja kodin j\u00e4rjest\u00e4misest\u00e4 ja arjen sujuvuudesta kansalaisopistoissa pitk\u00e4ll\u00e4 opettajakokemuksella.<\/span><\/p>\n<p><span>Ohjaan my\u00f6s asiakkaan toiveiden mukaan r\u00e4\u00e4t\u00e4l\u00f6idyt ty\u00f6pajat ja pidemm\u00e4tkin koulutuskokonaisuudet.<\/span><\/p>\n<p>[\/et_pb_text][\/et_pb_column][et_pb_column type=&#8221;1_2&#8243; _builder_version=&#8221;4.21.0&#8243; _module_preset=&#8221;default&#8221; global_colors_info=&#8221;{}&#8221;][et_pb_text admin_label=&#8221;J\u00e4rjest\u00e4mispalvelu&#8221; _builder_version=&#8221;4.21.0&#8243; _module_preset=&#8221;default&#8221; header_5_font_size=&#8221;15px&#8221; background_color=&#8221;#FFFFFF&#8221; custom_padding=&#8221;0px||10px||false|false&#8221; hover_enabled=&#8221;0&#8243; border_radii=&#8221;on|5px|5px|5px|5px&#8221; border_width_all=&#8221;40px&#8221; border_color_all=&#8221;#FFFFFF&#8221; box_shadow_style=&#8221;preset1&#8243; global_colors_info=&#8221;{}&#8221; sticky_enabled=&#8221;0&#8243; header_2_font_size=&#8221;25px&#8221;]<\/p>\n<h2><span>J\u00c4RJEST\u00c4MIS\u00adPALVELU<\/span><\/h2>\n<p>Kodin j\u00e4rjest\u00e4minen alkaa tilanteen kartoittamisella ja alustavan ty\u00f6suunnitelman tekemisell\u00e4.<\/p>\n<p>Palvelun tuntihinta on 59\u20ac\/h.<br \/>Minimitilaus 2h. Palvelu on kotitalousv\u00e4hennyskelpoista.<\/p>\n<div>\n<h5><\/h5>\n<h5><\/h5>\n<h5>Esimerkkej\u00e4 j\u00e4rjest\u00e4miskohteista<\/h5>\n<p>4h: eteinen, keitti\u00f6, vaatehuone, lastenhuone, ty\u00f6huone, h\u00e4kkivarasto.<\/p>\n<p>6h: kodinhoitohuone, varasto, autotalli, papereiden ja valokuvien j\u00e4rjest\u00e4minen.<\/p>\n<\/div>\n<p>&nbsp;<\/p>\n<p>[\/et_pb_text][\/et_pb_column][\/et_pb_row][\/et_pb_section][et_pb_section fb_built=&#8221;1&#8243; _builder_version=&#8221;4.20.4&#8243; _module_preset=&#8221;default&#8221; background_color=&#8221;#FFFFFF&#8221; background_enable_mask_style=&#8221;on&#8221; background_mask_style=&#8221;triangles&#8221; background_mask_color=&#8221;#F0E4DB&#8221; background_mask_transform=&#8221;invert|flip_horizontal&#8221; global_colors_info=&#8221;{}&#8221;][et_pb_row column_structure=&#8221;1_2,1_2&#8243; _builder_version=&#8221;4.20.4&#8243; _module_preset=&#8221;default&#8221; global_colors_info=&#8221;{}&#8221;][et_pb_column type=&#8221;1_2&#8243; _builder_version=&#8221;4.20.4&#8243; _module_preset=&#8221;default&#8221; global_colors_info=&#8221;{}&#8221;][et_pb_image src=&#8221;http:\/\/u73784.www2.webdomain.fi\/wp-content\/uploads\/2023\/04\/saara_valmiit-68-1.jpg&#8221; alt=&#8221;Ammattij\u00e4rjest\u00e4j\u00e4 Saara Kiviluoto&#8221; title_text=&#8221;Ammattij\u00e4rjest\u00e4j\u00e4 Saara Kiviluoto&#8221; _builder_version=&#8221;4.20.4&#8243; _module_preset=&#8221;default&#8221; global_colors_info=&#8221;{}&#8221;][\/et_pb_image][\/et_pb_column][et_pb_column type=&#8221;1_2&#8243; _builder_version=&#8221;4.20.4&#8243; _module_preset=&#8221;default&#8221; global_colors_info=&#8221;{}&#8221;][\/et_pb_column][\/et_pb_row][\/et_pb_section]<\/p>\n","protected":false},"excerpt":{"rendered":"<p>HINNASTOLUENNOT Rakennan luentokokonaisuudet asiakkaan toiveiden mukaan. Kysy lis\u00e4\u00e4 ja pyyd\u00e4 tarjous suosituista kodin j\u00e4rjest\u00e4misen luennoistani!KURSSIT J\u00e4rjest\u00e4n kursseja kodin j\u00e4rjest\u00e4misest\u00e4 ja arjen sujuvuudesta kansalaisopistoissa pitk\u00e4ll\u00e4 opettajakokemuksella. Ohjaan my\u00f6s asiakkaan toiveiden mukaan r\u00e4\u00e4t\u00e4l\u00f6idyt ty\u00f6pajat ja pidemm\u00e4tkin koulutuskokonaisuudet.J\u00c4RJEST\u00c4MIS\u00adPALVELU Kodin j\u00e4rjest\u00e4minen alkaa tilanteen kartoittamisella ja alustavan ty\u00f6suunnitelman tekemisell\u00e4. Palvelun tuntihinta on 59\u20ac\/h.Minimitilaus 2h. Palvelu on kotitalousv\u00e4hennyskelpoista. Esimerkkej\u00e4 j\u00e4rjest\u00e4miskohteista 4h: [&hellip;]<\/p>\n","protected":false},"author":1,"featured_media":0,"parent":0,"menu_order":0,"comment_status":"closed","ping_status":"closed","template":"","meta":{"_et_pb_use_builder":"on","_et_pb_old_content":"<!-- wp:divi\/placeholder \/-->","_et_gb_content_width":"","footnotes":""},"class_list":["post-215","page","type-page","status-publish","hentry"],"_links":{"self":[{"href":"https:\/\/saarakiviluoto.fi\/index.php?rest_route=\/wp\/v2\/pages\/215","targetHints":{"allow":["GET"]}}],"collection":[{"href":"https:\/\/saarakiviluoto.fi\/index.php?rest_route=\/wp\/v2\/pages"}],"about":[{"href":"https:\/\/saarakiviluoto.fi\/index.php?rest_route=\/wp\/v2\/types\/page"}],"author":[{"embeddable":true,"href":"https:\/\/saarakiviluoto.fi\/index.php?rest_route=\/wp\/v2\/users\/1"}],"replies":[{"embeddable":true,"href":"https:\/\/saarakiviluoto.fi\/index.php?rest_route=%2Fwp%2Fv2%2Fcomments&post=215"}],"version-history":[{"count":24,"href":"https:\/\/saarakiviluoto.fi\/index.php?rest_route=\/wp\/v2\/pages\/215\/revisions"}],"predecessor-version":[{"id":759,"href":"https:\/\/saarakiviluoto.fi\/index.php?rest_route=\/wp\/v2\/pages\/215\/revisions\/759"}],"wp:attachment":[{"href":"https:\/\/saarakiviluoto.fi\/index.php?rest_route=%2Fwp%2Fv2%2Fmedia&parent=215"}],"curies":[{"name":"wp","href":"https:\/\/api.w.org\/{rel}","templated":true}]}}