{"id":20,"date":"2023-04-14T09:38:06","date_gmt":"2023-04-14T06:38:06","guid":{"rendered":"http:\/\/u73784.www2.webdomain.fi\/?page_id=20"},"modified":"2025-02-28T19:02:58","modified_gmt":"2025-02-28T17:02:58","slug":"saara","status":"publish","type":"page","link":"https:\/\/saarakiviluoto.fi\/?page_id=20","title":{"rendered":"Saara"},"content":{"rendered":"<p>[et_pb_section fb_built=&#8221;1&#8243; _builder_version=&#8221;4.20.4&#8243; _module_preset=&#8221;default&#8221; background_color=&#8221;#FFFFFF&#8221; background_enable_image=&#8221;off&#8221; background_enable_pattern_style=&#8221;on&#8221; background_pattern_style=&#8221;tufted&#8221; background_pattern_color=&#8221;RGBA(255,255,255,0)&#8221; background_enable_mask_style=&#8221;on&#8221; background_mask_style=&#8221;triangles&#8221; background_mask_color=&#8221;#F0E4DB&#8221; background_mask_transform=&#8221;invert&#8221; custom_margin=&#8221;0px||||false|false&#8221; custom_padding=&#8221;||132px|||&#8221; global_colors_info=&#8221;{}&#8221;][et_pb_row _builder_version=&#8221;4.20.4&#8243; _module_preset=&#8221;default&#8221; custom_margin=&#8221;0px||-12px||false|false&#8221; custom_padding=&#8221;52px||0px||false|false&#8221; global_colors_info=&#8221;{}&#8221;][et_pb_column type=&#8221;4_4&#8243; _builder_version=&#8221;4.20.4&#8243; _module_preset=&#8221;default&#8221; global_colors_info=&#8221;{}&#8221;][et_pb_text _builder_version=&#8221;4.20.4&#8243; _module_preset=&#8221;default&#8221; global_colors_info=&#8221;{}&#8221;]<\/p>\n<h1>TUTUSTUTAAN<\/h1>\n<p>[\/et_pb_text][\/et_pb_column][\/et_pb_row][\/et_pb_section][et_pb_section fb_built=&#8221;1&#8243; _builder_version=&#8221;4.20.4&#8243; _module_preset=&#8221;default&#8221; background_color=&#8221;#F0E4DB&#8221; background_image=&#8221;http:\/\/u73784.www2.webdomain.fi\/wp-content\/uploads\/2023\/04\/vaalea_pohja.jpg&#8221; background_enable_mask_style=&#8221;on&#8221; background_mask_color=&#8221;RGBA(255,255,255,0)&#8221; global_colors_info=&#8221;{}&#8221;][et_pb_row column_structure=&#8221;1_2,1_2&#8243; _builder_version=&#8221;4.20.4&#8243; _module_preset=&#8221;default&#8221; global_colors_info=&#8221;{}&#8221;][et_pb_column type=&#8221;1_2&#8243; _builder_version=&#8221;4.20.4&#8243; _module_preset=&#8221;default&#8221; global_colors_info=&#8221;{}&#8221;][et_pb_text admin_label=&#8221;Teksti&#8221; _builder_version=&#8221;4.21.0&#8243; _module_preset=&#8221;default&#8221; background_color=&#8221;#FFFFFF&#8221; border_radii=&#8221;on|5px|5px|5px|5px&#8221; border_width_all=&#8221;40px&#8221; border_color_all=&#8221;#FFFFFF&#8221; box_shadow_style=&#8221;preset2&#8243; global_colors_info=&#8221;{}&#8221;]<\/p>\n<p>Olen koulutettu ammattij\u00e4rjest\u00e4j\u00e4 sek\u00e4 j\u00e4rjestelykonsultti<span>\u00ae <\/span>Pieks\u00e4m\u00e4elt\u00e4 Etel\u00e4-Savosta. El\u00e4n vauhdikasta lapsiperhearkea tasapainoillen ty\u00f6n, perheen ja vapaa-ajan v\u00e4lill\u00e4. P\u00e4iv\u00e4ty\u00f6n\u00e4ni ty\u00f6skentelen lasten ja nuorten parissa ja koulutan tulevaisuuden yritt\u00e4ji\u00e4.<\/p>\n<p>V\u00e4lill\u00e4 arki tuntuu kaoottiselta kalenterin t\u00e4yttyess\u00e4 menoista, mutta j\u00e4rjestetty koti kaappeineen on pelastanut meid\u00e4n arjen &#8211; pieni\u00e4 asioita ja toimivia ratkaisuja, jotka edist\u00e4v\u00e4t sujuvuutta, silloin kun sit\u00e4 eniten kaivataan.<\/p>\n<p>Harrastuksiini kuuluvat puutarhanhoito, palapelit ja \u00e4\u00e4nikirjat. Lasten menty\u00e4 nukkumaan istahdan usein pianon \u00e4\u00e4reen ja soitan kuulokkeet p\u00e4\u00e4ss\u00e4 p\u00e4iv\u00e4n sykkeet alas.<\/p>\n<p>[\/et_pb_text][\/et_pb_column][et_pb_column type=&#8221;1_2&#8243; _builder_version=&#8221;4.20.4&#8243; _module_preset=&#8221;default&#8221; global_colors_info=&#8221;{}&#8221;][et_pb_image src=&#8221;http:\/\/u73784.www2.webdomain.fi\/wp-content\/uploads\/2023\/04\/saara_vaakakuva.jpg&#8221; alt=&#8221;Ammattij\u00e4rjest\u00e4j\u00e4 Saara Kiviluoto&#8221; title_text=&#8221;Ammattij\u00e4rjest\u00e4j\u00e4 Saara Kiviluoto&#8221; _builder_version=&#8221;4.20.4&#8243; _module_preset=&#8221;default&#8221; width=&#8221;100%&#8221; custom_margin=&#8221;||20px||false|false&#8221; global_colors_info=&#8221;{}&#8221;][\/et_pb_image][\/et_pb_column][\/et_pb_row][et_pb_row _builder_version=&#8221;4.20.4&#8243; _module_preset=&#8221;default&#8221; global_colors_info=&#8221;{}&#8221;][et_pb_column type=&#8221;4_4&#8243; _builder_version=&#8221;4.20.4&#8243; _module_preset=&#8221;default&#8221; global_colors_info=&#8221;{}&#8221;][et_pb_cta title=&#8221;Kuinka voisin auttaa?&#8221; button_url=&#8221;https:\/\/saarakiviluoto.fi\/?page_id=24&#8243; button_text=&#8221;Yhteydenottolomake&#8221; admin_label=&#8221;Kutsu toimeen&#8221; _builder_version=&#8221;4.21.0&#8243; _module_preset=&#8221;default&#8221; header_text_color=&#8221;#FFFFFF&#8221; background_color=&#8221;#C6897C&#8221; custom_button=&#8221;on&#8221; button_text_color=&#8221;#C6897C&#8221; button_bg_color=&#8221;#FFFFFF&#8221; button_border_radius=&#8221;5px&#8221; button_icon=&#8221;&#xe076;||divi||400&#8243; button_icon_color=&#8221;RGBA(255,255,255,0)&#8221; global_colors_info=&#8221;{}&#8221;]<\/p>\n<p>Kaipaatko apua arjen sujuvuuteen tai tavarahaasteisiin? Ota yhteytt\u00e4 ja pohditaan, kuinka voisin olla avuksi.<\/p>\n<p>[\/et_pb_cta][\/et_pb_column][\/et_pb_row][\/et_pb_section][et_pb_section fb_built=&#8221;1&#8243; _builder_version=&#8221;4.20.4&#8243; _module_preset=&#8221;default&#8221; background_color=&#8221;#FFFFFF&#8221; custom_padding=&#8221;0px|||||&#8221; hover_enabled=&#8221;0&#8243; global_colors_info=&#8221;{}&#8221; sticky_enabled=&#8221;0&#8243;][et_pb_row column_structure=&#8221;1_2,1_2&#8243; _builder_version=&#8221;4.21.0&#8243; _module_preset=&#8221;default&#8221; custom_margin=&#8221;63px|auto|6px|auto|false|false&#8221; global_colors_info=&#8221;{}&#8221; min_height=&#8221;411px&#8221;][et_pb_column type=&#8221;1_2&#8243; _builder_version=&#8221;4.20.4&#8243; _module_preset=&#8221;default&#8221; global_colors_info=&#8221;{}&#8221;][et_pb_text _builder_version=&#8221;4.21.0&#8243; _module_preset=&#8221;default&#8221; header_2_font_size=&#8221;105px&#8221; global_colors_info=&#8221;{}&#8221;]<\/p>\n<h2>Mist\u00e4 kaikki alkoi?<\/h2>\n<p>[\/et_pb_text][\/et_pb_column][et_pb_column type=&#8221;1_2&#8243; _builder_version=&#8221;4.21.0&#8243; _module_preset=&#8221;default&#8221; background_color=&#8221;RGBA(255,255,255,0)&#8221; background_image=&#8221;https:\/\/saarakiviluoto.fi\/wp-content\/uploads\/2023\/04\/vaatekasa.jpg&#8221; background_position=&#8221;bottom_center&#8221; background_vertical_offset=&#8221;44%&#8221; global_colors_info=&#8221;{}&#8221;][et_pb_text _builder_version=&#8221;4.21.0&#8243; _module_preset=&#8221;default&#8221; height=&#8221;350px&#8221; hover_enabled=&#8221;0&#8243; global_colors_info=&#8221;{}&#8221; sticky_enabled=&#8221;0&#8243;][\/et_pb_text][\/et_pb_column][\/et_pb_row][et_pb_row column_structure=&#8221;1_2,1_2&#8243; _builder_version=&#8221;4.20.4&#8243; _module_preset=&#8221;default&#8221; custom_padding=&#8221;6px||||false|false&#8221; global_colors_info=&#8221;{}&#8221; min_height=&#8221;606.7px&#8221;][et_pb_column type=&#8221;1_2&#8243; _builder_version=&#8221;4.20.4&#8243; _module_preset=&#8221;default&#8221; global_colors_info=&#8221;{}&#8221;][et_pb_text _builder_version=&#8221;4.21.0&#8243; _module_preset=&#8221;default&#8221; global_colors_info=&#8221;{}&#8221;]<\/p>\n<p>\u00a0Minulla on aina ollut paljon tavaraa. Olen lapsesta asti ollut kaikesta kiinnostunut, utelias tutkija ja innostuja. Olen tyk\u00e4nnyt askarrella, leipoa ja tehd\u00e4 k\u00e4sit\u00f6it\u00e4. Kaikissa tavaroissa olen aina n\u00e4hnyt mahdollisuuksia, mit\u00e4 niist\u00e4 voisi tuunata ja korjaamalla saada aikaiseksi. Nukkekotiharrastus oli otollinen t\u00e4ll\u00e4 ajattelulle &#8211; jokaisessa roskassakin piili mahdollisuus nukkekotiharrastajan silmin.<\/p>\n<p>Vuonna 2016 kaverini kertoi minulle innoissaan Marie Kondon KonMari -kirjasta. Sen vaaleanpunaisen bestseller-kirjan hankin ja ahmin hetkess\u00e4. Innostuin ja l\u00e4hdin raivaamaan kotiamme tuulisp\u00e4\u00e4n\u00e4. Menetelm\u00e4 oli kuitenkin hyvin raskas toteuttaa. Jo ensimm\u00e4inen KonMari -menetelm\u00e4n ryhm\u00e4, vaatteet, tuntui valtavan ty\u00f6l\u00e4\u00e4lt\u00e4. Siksi ohitin sen ja siirryin johonkin helpompaan ryhm\u00e4\u00e4n. KonMari j\u00e4i alkuinnostuksen j\u00e4lkeen, mutta jotain j\u00e4i noistakin ajoista kytem\u00e4\u00e4n.<\/p>\n<p>[\/et_pb_text][et_pb_text _builder_version=&#8221;4.21.0&#8243; _module_preset=&#8221;default&#8221; custom_padding=&#8221;|12px|||false|false&#8221; global_colors_info=&#8221;{}&#8221;]<\/p>\n<p>Kuulin ensimm\u00e4isen kerran ammattij\u00e4rjest\u00e4jist\u00e4 paikkakunnalla olleilla sisustusmessuilla vuonna 2018. Olin aivan ihmeiss\u00e4ni &#8211; siis t\u00e4llaistakin voisi tehd\u00e4 ty\u00f6kseen. Aloin seurata ammattij\u00e4rjest\u00e4ji\u00e4 ja esikoisen vauvavuotena my\u00f6s ostin ammattij\u00e4rjest\u00e4j\u00e4n et\u00e4ohjauspalvelun, jonka avulla sain toteutettua lapsen huoneeseen ihanan ja toimivan j\u00e4rjestyksen.<\/p>\n<p>[\/et_pb_text][\/et_pb_column][et_pb_column type=&#8221;1_2&#8243; _builder_version=&#8221;4.20.4&#8243; _module_preset=&#8221;default&#8221; global_colors_info=&#8221;{}&#8221;][et_pb_text _builder_version=&#8221;4.21.0&#8243; _module_preset=&#8221;default&#8221; custom_padding=&#8221;|12px|||false|false&#8221; global_colors_info=&#8221;{}&#8221;]<\/p>\n<p>Lasten syntym\u00e4n my\u00f6t\u00e4 tavaram\u00e4\u00e4r\u00e4 perheess\u00e4mme kasvoi ja viimeist\u00e4\u00e4n t\u00e4ss\u00e4 vaiheessa oivalsin, ett\u00e4 hukumme pieniin vaatteisiin ja vauvan tavaroihin, jos jotain ei asialle tehd\u00e4. Siit\u00e4 alkoi matka, jonka aikana olen raivannut omasta kodistamme tuhansia tavaroita pois. Olen huomannut, miten paljon sujuvammaksi tavaroiden karsiminen ja toimivampi kodin j\u00e4rjestys arjen tekev\u00e4t. Koti on muutakin kuin loputon kotit\u00f6iden ty\u00f6maa. Tavaroita karsiessa taakkaa tippuu harteilta ja on helpompi hengitt\u00e4\u00e4. V\u00e4hemm\u00e4n onkin enemm\u00e4n.<\/p>\n<p>[\/et_pb_text][et_pb_text _builder_version=&#8221;4.20.4&#8243; _module_preset=&#8221;default&#8221; header_3_font=&#8221;Oooh Baby||||||||&#8221; header_3_text_color=&#8221;#C5A8A2&#8243; header_3_font_size=&#8221;58px&#8221; global_colors_info=&#8221;{}&#8221;]<\/p>\n<p>N\u00e4it\u00e4 oivalluksia arjen kevent\u00e4misest\u00e4 haluan jakaa my\u00f6s muille. Toivottavasti kohdataan j\u00e4rjest\u00e4mispalvelun merkeiss\u00e4, kurssilla, luennolla tai somessa!<\/p>\n<p>&nbsp;<\/p>\n<h3><strong>Saara<\/strong><\/h3>\n<p>[\/et_pb_text][\/et_pb_column][\/et_pb_row][\/et_pb_section]<\/p>\n","protected":false},"excerpt":{"rendered":"<p>TUTUSTUTAANOlen koulutettu ammattij\u00e4rjest\u00e4j\u00e4 sek\u00e4 j\u00e4rjestelykonsultti\u00ae Pieks\u00e4m\u00e4elt\u00e4 Etel\u00e4-Savosta. El\u00e4n vauhdikasta lapsiperhearkea tasapainoillen ty\u00f6n, perheen ja vapaa-ajan v\u00e4lill\u00e4. P\u00e4iv\u00e4ty\u00f6n\u00e4ni ty\u00f6skentelen lasten ja nuorten parissa ja koulutan tulevaisuuden yritt\u00e4ji\u00e4. V\u00e4lill\u00e4 arki tuntuu kaoottiselta kalenterin t\u00e4yttyess\u00e4 menoista, mutta j\u00e4rjestetty koti kaappeineen on pelastanut meid\u00e4n arjen &#8211; pieni\u00e4 asioita ja toimivia ratkaisuja, jotka edist\u00e4v\u00e4t sujuvuutta, silloin kun sit\u00e4 eniten kaivataan. [&hellip;]<\/p>\n","protected":false},"author":1,"featured_media":0,"parent":0,"menu_order":0,"comment_status":"closed","ping_status":"closed","template":"","meta":{"_et_pb_use_builder":"on","_et_pb_old_content":"","_et_gb_content_width":"","footnotes":""},"class_list":["post-20","page","type-page","status-publish","hentry"],"_links":{"self":[{"href":"https:\/\/saarakiviluoto.fi\/index.php?rest_route=\/wp\/v2\/pages\/20","targetHints":{"allow":["GET"]}}],"collection":[{"href":"https:\/\/saarakiviluoto.fi\/index.php?rest_route=\/wp\/v2\/pages"}],"about":[{"href":"https:\/\/saarakiviluoto.fi\/index.php?rest_route=\/wp\/v2\/types\/page"}],"author":[{"embeddable":true,"href":"https:\/\/saarakiviluoto.fi\/index.php?rest_route=\/wp\/v2\/users\/1"}],"replies":[{"embeddable":true,"href":"https:\/\/saarakiviluoto.fi\/index.php?rest_route=%2Fwp%2Fv2%2Fcomments&post=20"}],"version-history":[{"count":33,"href":"https:\/\/saarakiviluoto.fi\/index.php?rest_route=\/wp\/v2\/pages\/20\/revisions"}],"predecessor-version":[{"id":766,"href":"https:\/\/saarakiviluoto.fi\/index.php?rest_route=\/wp\/v2\/pages\/20\/revisions\/766"}],"wp:attachment":[{"href":"https:\/\/saarakiviluoto.fi\/index.php?rest_route=%2Fwp%2Fv2%2Fmedia&parent=20"}],"curies":[{"name":"wp","href":"https:\/\/api.w.org\/{rel}","templated":true}]}}